{"id":154,"date":"2020-03-01T13:48:52","date_gmt":"2020-03-01T13:48:52","guid":{"rendered":"http:\/\/kiiliautopesula.ee\/?page_id=154"},"modified":"2023-09-27T19:17:23","modified_gmt":"2023-09-27T17:17:23","slug":"haagise-rent","status":"publish","type":"page","link":"https:\/\/www.kiiliautopesula.ee\/?page_id=154","title":{"rendered":"Haagise rent ja hinnakiri"},"content":{"rendered":"\n<ul class=\"wp-block-list\">\n<li>Kuni 1 tund &#8211; 12\u20ac<\/li>\n\n\n\n<li>Kuni 3 tundi &#8211; 13\u20ac<\/li>\n\n\n\n<li>Kuni 6 tundi &#8211; 17\u20ac<\/li>\n\n\n\n<li>Kuni 12 tundi &#8211; 20\u20ac<\/li>\n\n\n\n<li>Kuni 24 tundi &#8211; 26\u20ac<\/li>\n\n\n\n<li>Iga j\u00e4rgnev 24 tundi &#8211; 25\u20ac<\/li>\n\n\n\n<li>Hilinemistasu &#8211; 10\u20ac \/ tund<\/li>\n\n\n\n<li>Haagise pesu &#8211; 15\u20ac<\/li>\n\n\n\n<li>Haagise pistikupesa rent &#8211; 2\u20ac<br><br>Broneeritud haagist hoitakse 30 minutit.<br><br>Haagise kasutamiseks s\u00f5lmitakse rendileping ja selle vormistamiseks on vaja esitada juhiluba ja haagist vedava auto registreerimistunnistus.<\/li>\n<\/ul>\n\n\n\n<p style=\"font-size:10px\">*Hinnakiri kehtib alates 01.10.2023<\/p>\n\n\n\n<figure class=\"wp-block-table\"><table><tbody><tr><td>Kasti laius (m)<\/td><td>1.5<\/td><\/tr><tr><td>Kasti pikkus (m)<\/td><td>3<\/td><\/tr><tr><td>Kandev\u00f5ime (kg)<\/td><td>469<\/td><\/tr><\/tbody><\/table><\/figure>\n\n\n\n<figure class=\"wp-block-table\"><table><tbody><tr><td>Kasti laius (m)<\/td><td>1.5<\/td><\/tr><tr><td>Kasti pikkus (m)<\/td><td>3.5<\/td><\/tr><tr><td>Kandev\u00f5ime (kg)<\/td><td>447<\/td><\/tr><\/tbody><\/table><\/figure>\n\n\n\n<p><\/p>\n\n\n\n<div class=\"wp-block-file\"><a id=\"wp-block-file--media-16f11d9a-c445-4b1c-8bc0-16c5cd6c0747\" href=\"http:\/\/kiiliautopesula.ee\/wp-content\/uploads\/2020\/03\/Haagise-rendileping-2.pdf\">Haagise rendileping<\/a><a href=\"http:\/\/kiiliautopesula.ee\/wp-content\/uploads\/2020\/03\/Haagise-rendileping-2.pdf\" class=\"wp-block-file__button wp-element-button\" download aria-describedby=\"wp-block-file--media-16f11d9a-c445-4b1c-8bc0-16c5cd6c0747\">Laadi alla<\/a><\/div>\n\n\n\n<p>1.Lepingu objekt ja t\u00e4htaeg<\/p>\n\n\n\n<p>1.1 K\u00e4esoleva lepinguga (edaspidi Leping) annab Rendile andja kui renditava vara omanik Rentnikule ajutiseks kasutamiseks s\u00f5iduauto j\u00e4relhaagise (edaspidi Haagis) koos kehtiva kindlustuspoliisi ja tehnilise passi koopiaga. <\/p>\n\n\n\n<p>1.2.Haagise \u2013 Tiki Treiler riiklik registreerimism\u00e4rk__________________ rendilepingu kestvus___________________________________ kuni __________________________________ <\/p>\n\n\n\n<p>1.3. Haagise tehniline seisukord ja v\u00f5imalikud puudused rendile andmisel ja tagastamisel kirjeldatakse \u00fcleandmise-vastuv\u00f5tu aktis, mis on ka Poolte lepingust v\u00f5i seadusest tulenevate v\u00f5imalike n\u00f5udmiste aluseks. <br><\/p>\n\n\n\n<p>1.4 Leping j\u00f5ustub selle allakirjutamise momendist ning l\u00f5peb haagise,kindlustuspoliis ja registreerimistunnistuse tagastamisega-\u00fcleandmisega rendile andjale aadressil Kiili vald, Veski 1. <br>Lepingu l\u00f5ppemisega ei l\u00f5pe poolte kohustus t\u00e4ita lepingust tulenevaid t\u00e4itmata kohustusi&nbsp;<\/p>\n\n\n\n<p>2.<strong>Rentniku <\/strong>\u00f5igused ja kohustused&nbsp;<\/p>\n\n\n\n<p>2.1 K\u00e4esolev leping annab lepingus (v\u00f5i punkti 1.2) n\u00e4idatud ajavahemikul \u00f5iguse <strong>Rentnikul <\/strong>lepingu objektiks oleva <strong>Haagise <\/strong>kasutamist oma \u00e4ran\u00e4gemise j\u00e4rgi, arvestades <strong>Haagise <\/strong>etten\u00e4htud otstarvet ja muid Tootja ja <strong>Rendile andja <\/strong>poolt m\u00e4\u00e4ratud tehnilisi n\u00f5udmisi ning garantiitingimusi.&nbsp;<\/p>\n\n\n\n<p>2.2 <strong>Rentnikul <\/strong>on \u00f5igus saada <strong>Haagis <\/strong>enda valdusesse <strong>Lepingus <\/strong>m\u00e4rgitud t\u00e4htajaks.&nbsp;<\/p>\n\n\n\n<p>2.3 <strong>Rentnik <\/strong>on kohustatud tagastama <strong>Haagise Rendile andjale <\/strong>\u00f5igeaegselt vastavalt <strong>Lepingu <\/strong>punktis 1.2 s\u00e4testatud t\u00e4htajaks hilhemalt kella 18.00-ks, kui pooled ei ole kirjalikult teisiti kokku leppinud.&nbsp;<\/p>\n\n\n\n<p>2.4.<strong>Rentnik <\/strong>on kohustatud kasutama <strong>Haagist <\/strong>hoolikalt ja heaperemehelikult, tegema vajadusel k\u00f5ik eseme korrasolekuks vajalikud toimingud. <strong>Rentnikul <\/strong>ei ole \u00f5igust ilma <strong>Rendile andja <\/strong>vastava loata vahetada <strong>Haagise <\/strong>mistahes detaile v\u00f5i osasid&nbsp;<\/p>\n\n\n\n<p>2.5 <strong>Rentnik <\/strong>kohustub viivitamatult teatama <strong>Rendile andjale <\/strong>tema valduses oleva <strong>Haagisega <\/strong>juhtunud \u00f5nnetusest v\u00f5i olukorrast, kus <strong>Haagis <\/strong>v\u00f5i selle dokumentatsioon v\u00e4ljub <strong>Rentniku <\/strong>valdusest v\u00f5i leiavad aset muud s\u00fcndmused, mis m\u00f5jutavad v\u00f5i v\u00f5ivad m\u00f5jutada lepingu t\u00e4itmist <strong>Rentniku <\/strong>poolt.&nbsp;<\/p>\n\n\n\n<p>2.6 <strong>Rentnikul <\/strong>ei ole \u00f5igust anda <strong>Haagist <\/strong>kasutamiseks kolmandatele isikutele tasu eest ega tasuta ilma <strong>Rendile andja <\/strong>vastava kirjaliku loata.&nbsp;<\/p>\n\n\n\n<p>2.7.<strong>Rentnik <\/strong>kannab t\u00e4ielikku ja tingimusteta varalist vastutust <strong>Haagise <\/strong>s\u00e4ilimise eest kuni lepingu l\u00f5ppemiseni v\u00f5i ennet\u00e4htaegse l\u00f5petamiseni.&nbsp;<\/p>\n\n\n\n<p>2.8. <strong>Rentnik <\/strong>on kohustatud h\u00fcvitama <strong>Rendile andjale <\/strong>ja\/v\u00f5i kolmandaltele isikutele tekitatud mistahes liiki kahju t\u00e4ies ulatuses.&nbsp;<\/p>\n\n\n\n<p>2.9. <strong>Rentnik <\/strong>on kohustatud tasuma k\u00e4esolevast lepingust tulenevad viivised, leppetrahvid, kahjuh\u00fcvitised ja muud masked koheselt p\u00e4rast lepingu l\u00f5ppemist, vastavalt \u00fcleandmis- vastuv\u00f5tuaktile.&nbsp;<\/p>\n\n\n\n<p>3. <strong>Rendile andja <\/strong>\u00f5igused ja kohustused&nbsp;<\/p>\n\n\n\n<p>3.1 <strong>Rendile andja <\/strong>(v\u00f5i tema poolt selleks volitatud isikul) on \u00f5igus <strong>Lepingu <\/strong>punktis 1.2 s\u00e4testatud t\u00e4htaja m\u00f6\u00f6dumisel v\u00f5i ebaseadusliku valduse korral ka varem <strong>Haagis Rentnikult <\/strong>(v\u00f5i haagise tegelikult valdajalt) tagasi v\u00f5tta ning n\u00f5uda sisse leppetrahv vastavalt k\u00e4esoleva lepingu punktile 3.2&nbsp;<\/p>\n\n\n\n<p>3.2. <strong>Rendile andjal <\/strong>on \u00f5igus n\u00f5uda ning <strong>Rentnikul <\/strong>kohustus tasuda iga <strong>Haagise <\/strong>tagastamisega viivitatud p\u00e4eva eest leppetrahvi rendi hinnakirjast tulenevalt kahekordse p\u00e4eva rendi ulatuses.&nbsp;<\/p>\n\n\n\n<p>3.3.<strong>Rendile <\/strong>andja on kohustatud andma <strong>Haagise Rentniku <\/strong>valdusse Lepingus punktis 1.2 s\u00e4testatud t\u00e4htajaks&nbsp;<\/p>\n\n\n\n<p>3.4 <strong>Rendile andja <\/strong>on <strong>Haagise <\/strong>rendilepingu l\u00f5petamisel ja puuduste ilmnemisel kohustatud <strong>Rentnikule <\/strong>pretensioonid esitama.&nbsp;<\/p>\n\n\n\n<p>4. <strong>Rendile andja <\/strong>vastutus&nbsp;<\/p>\n\n\n\n<p>4.1 <strong>Rendile andja <\/strong>ei vastuta mistahes v\u00f5imalike kahjude v\u00f5i kahjuh\u00fcvitamise n\u00f5ude eest, mis tulenevad v\u00f5i mis on seotud haagise purunemise, kasutamise, kasutamise v\u00f5imatusega v\u00f5i mille on&nbsp;<\/p>\n\n\n\n<p>p\u00f5hjustanud haagis kolmandatele isikutele v\u00f5i <strong>Rentnikule <\/strong>v\u00f5i mille on p\u00f5hjustanud <strong>Rentniku <\/strong>mistahes tegevus&nbsp;<\/p>\n\n\n\n<p>5.<strong>Haagise <\/strong>kindlustus&nbsp;<\/p>\n\n\n\n<p>5.1. <strong>Rendile andja <\/strong>on s\u00f5lminud <strong>Haagisele <\/strong>kohustusliku kindlustuslepingu ja k\u00f5ik kindlustusega seotud kulud (kindlustusmaksed) on arvestatud rendi hinna sisse. Juhul kui lepingu kehtivuse ajal suurenevad kindlustusmaksed kindlustusandja n\u00f5udmisel, on <strong>Rendile andjal <\/strong>\u00f5igus n\u00f5uda <strong>Rentnikult <\/strong>t\u00e4iendavaid makseid proportsionaalselt rendilepingu perioodiga.&nbsp;<\/p>\n\n\n\n<p>5.2. Kindlustusjuhtumi saabumisel kohustub <strong>Rentnik <\/strong>koheselt t\u00e4itma k\u00f5iki kindlustuslepingust tulenevaid kohustusi (vormistama liiklus\u00f5nnetuse vastavalt kehtivale seadlusandlusele ja liikluseeskirjadele) ja viivitamatult (1 tunni jooksul) informeerima <strong>Rendile andjat <\/strong>vara kahjustumise, h\u00e4vimise v\u00f5i kadumisega seotud asjaoludest.&nbsp;<\/p>\n\n\n\n<p>5.3. Vara h\u00e4vimisel, kahjustmisel v\u00f5i kadumisel viisil, mida kindlustuslepingu j\u00e4rgi ei loeta kindlustusjuhtumiks ning seet\u00f5ttu ei kuulu kindlustaja poolt h\u00fcvitamisele on <strong>Rendile andja <\/strong>ees vastutav <strong>Rentnik<\/strong>. (<strong>Haagise <\/strong>juhusliku h\u00e4vimise riisiko lasub t\u00e4ielikult <strong>Rentnikul<\/strong>).<strong>Rentnik <\/strong>kohustub h\u00fcvitama tema s\u00fc\u00fcl tekkinud kahju <strong>Rendile andjale <\/strong>hiljemalt 15(viieteistk\u00fcmne) p\u00e4eva jooksul p\u00e4rast vastavasisulise teate saamist kindlustusandjalt, kaasa arvatud viivised, leppetrahvid jms.&nbsp;<\/p>\n\n\n\n<p>6. Muud tingimused&nbsp;<\/p>\n\n\n\n<p>6.1.<strong>Rentnikul <\/strong>on keelatud ilma Rendile andja vastava kirjaliku loata v\u00e4ljuda <strong>Haagisega <\/strong>Eesti Vabariigi territooriumilt&nbsp;<\/p>\n\n\n\n<p>6.2.<strong>Rentnikul <\/strong>on keelatud kasutada <strong>Haagist <\/strong>ebaseaduslikuks otstarbeks ning <strong>Rendile andja <\/strong>ei vastuta selle rikkumisest tuleneva v\u00f5imaliku vastutuse ja kohustuste suhtes&nbsp;<\/p>\n\n\n\n<p>6.3.K\u00e4esolevale lepingule allakirjutamisega kinnitavad pooleds, et nad on teov\u00f5imelised ja omavad tegutsemiseks vastavaid volitusi.&nbsp;<\/p>\n\n\n\n<p>6.4. <strong>Rentnik <\/strong>t\u00f5endab oma allkirjaga oma esitatud andmete \u00f5igsust.&nbsp;<\/p>\n\n\n\n<p>6.5. <strong>Lepingu <\/strong>s\u00f5lmimisel, t\u00e4itmisel, muutmisel, pikendamisel, l\u00f5petamisel ja vastutuse kohaldamisel juhinduvad pooled k\u00e4esolevast lepingust, Eesti Vabariigi seadustest ja muudest \u00f5igusaktidest.&nbsp;<\/p>\n\n\n\n<p>6.7. K\u00e4esolevast <strong>Lepingust <\/strong>tulenevad vaidlused lahendatakse pooltevahelisel kokkuleppel. Kokkuleppele mittej\u00f5udmise korral lahendatakse vaidlus vastavalt Eesti Vabariigi seadustele Harju Maakohtus.&nbsp;6.8 Leping on koostatud kahes v\u00f5rdset juriidilist \u00f5igust omavas eksemplaris, millest \u00fcks j\u00e4\u00e4b <strong>Rendile andjale <\/strong>ja teine <strong>Rentnikule<\/strong>.\n\n<\/p>\n","protected":false},"excerpt":{"rendered":"<p>*Hinnakiri kehtib alates 01.10.2023 Kasti laius (m) 1.5 Kasti pikkus (m) 3 Kandev\u00f5ime (kg) 469 Kasti laius (m) 1.5 Kasti pikkus (m) 3.5 Kandev\u00f5ime (kg) 447 1.Lepingu objekt ja t\u00e4htaeg 1.1 K\u00e4esoleva lepinguga (edaspidi Leping) annab Rendile andja kui renditava vara omanik Rentnikule ajutiseks kasutamiseks s\u00f5iduauto j\u00e4relhaagise (edaspidi Haagis) koos kehtiva kindlustuspoliisi ja tehnilise passi &hellip; <a href=\"https:\/\/www.kiiliautopesula.ee\/?page_id=154\" class=\"more-link\">Loe edasi<span class=\"screen-reader-text\"> &#8220;Haagise rent ja hinnakiri&#8221;<\/span><\/a><\/p>\n","protected":false},"author":1,"featured_media":0,"parent":0,"menu_order":0,"comment_status":"closed","ping_status":"closed","template":"","meta":{"footnotes":""},"class_list":["post-154","page","type-page","status-publish","hentry"],"_links":{"self":[{"href":"https:\/\/www.kiiliautopesula.ee\/index.php?rest_route=\/wp\/v2\/pages\/154","targetHints":{"allow":["GET"]}}],"collection":[{"href":"https:\/\/www.kiiliautopesula.ee\/index.php?rest_route=\/wp\/v2\/pages"}],"about":[{"href":"https:\/\/www.kiiliautopesula.ee\/index.php?rest_route=\/wp\/v2\/types\/page"}],"author":[{"embeddable":true,"href":"https:\/\/www.kiiliautopesula.ee\/index.php?rest_route=\/wp\/v2\/users\/1"}],"replies":[{"embeddable":true,"href":"https:\/\/www.kiiliautopesula.ee\/index.php?rest_route=%2Fwp%2Fv2%2Fcomments&post=154"}],"version-history":[{"count":5,"href":"https:\/\/www.kiiliautopesula.ee\/index.php?rest_route=\/wp\/v2\/pages\/154\/revisions"}],"predecessor-version":[{"id":189,"href":"https:\/\/www.kiiliautopesula.ee\/index.php?rest_route=\/wp\/v2\/pages\/154\/revisions\/189"}],"wp:attachment":[{"href":"https:\/\/www.kiiliautopesula.ee\/index.php?rest_route=%2Fwp%2Fv2%2Fmedia&parent=154"}],"curies":[{"name":"wp","href":"https:\/\/api.w.org\/{rel}","templated":true}]}}