{"id":59,"date":"2017-04-16T06:05:58","date_gmt":"2017-04-16T06:05:58","guid":{"rendered":"http:\/\/kiiliautopesula.ee\/uus\/?page_id=59"},"modified":"2023-09-27T19:44:43","modified_gmt":"2023-09-27T17:44:43","slug":"rehvivahetus","status":"publish","type":"page","link":"https:\/\/www.kiiliautopesula.ee\/?page_id=59","title":{"rendered":"Rehvivahetus"},"content":{"rendered":"<div class=\"gca-utility columns-container\"><div class=\"gca-column one-third first\"><strong>Rehvit\u00f6\u00f6d:<\/strong><\/p>\n<p>13&#8243;-18&#8243; t\u00e4isvahetus (plekkvelg)<br \/>\n13&#8243;-18&#8243; t\u00e4isvahetus (valuvelg)<br \/>\nTasakaalustamine (plekkvelg)<br \/>\nTasakaalustamine (valuvelg)<br \/>\nRattavehetus<br \/>\nrehvi demontaa\u017e ja montaa\u017e<br \/>\nVentiili vahetus<\/div>\n<div class=\"gca-column one-third\">S\u00f5iduauto<br \/>\n<div class=\"gca-column one-half first\">1 rehv<\/div>\n<div class=\"gca-column one-half\">4 rehvi<\/div>\n<div class=\"gca-column one-half first\">15\u20ac<br \/>\n20\u20ac<br \/>\n7\u20ac<br \/>\n8\u20ac<br \/>\n7\u20ac<br \/>\n8\u20ac<br \/>\n5\u20ac<br \/><\/div>\n<div class=\"gca-column one-half\">50\u20ac<br \/>\n60\u20ac<br \/>\n23\u20ac<br \/>\n25\u20ac<br \/>\n23\u20ac<br \/>\n25\u20ac<br \/>\n20\u20ac<\/div><\/div>\n<div class=\"gca-column one-third\">Kaubik\/Buss\/Maastur<br \/>\n<div class=\"gca-column one-half first\">1 rehv<\/div>\n<div class=\"gca-column one-half\">4 rehvi<\/div>\n<div class=\"gca-column one-half first\">20\u20ac<br \/>\n23\u20ac<br \/>\n8\u20ac<br \/>\n9\u20ac<br \/>\n7\u20ac<br \/>\n9\u20ac<br \/>\n5\u20ac<br \/><\/div>\n<div class=\"gca-column one-half\">60\u20ac<br \/>\n70\u20ac<br \/>\n27\u20ac<br \/>\n29\u20ac<br \/>\n27\u20ac<br \/>\n29\u20ac<br \/>\n20\u20ac<\/div><\/div>\n<div class=\"gca-column one-half first\">Rasvan\u00f6\u00f6ri paigaldus<br \/>\nRehviremont seene v\u00f5i lapiga<br \/>\nRehvide trantsport j\u00e4\u00e4tmejaama<br \/>\n19&#8243;-22&#8243; valuvelje t\u00e4isvahetus<br \/>\nRehvihotell<\/div>\n<div class=\"gca-column one-half\">13\u20ac ei sisalda ratta alt \u00e4ra v\u00f5tmist<br \/>\n25\u20ac ei sisalda ratta alt \u00e4ra v\u00f5tmist<br \/>\n2,50\u20ac rehv<br \/>\n18&#8243;+1&#8243; = 10\u20ac<br \/>\n35\u20ac hooaeg<\/div><\/div>\n<p><\/br><span style=\"font-size: small;\">*K\u00f5ik Kiili Autopesulas vahetatud rataste mutrid\/poldid tuleb 100km peale paigaldust kliendi poolt \u00fcle pingutada v\u00f5i tulla tagasi teenuspakkuja juurde ning kontrollida rehvir\u00f5hku<\/span><\/p>\n<p><span style=\"font-size: small;\">*Hinnakiri kehtib alates 01.10.2023<\/span><\/p>\n","protected":false},"excerpt":{"rendered":"<p>*K\u00f5ik Kiili Autopesulas vahetatud rataste mutrid\/poldid tuleb 100km peale paigaldust kliendi poolt \u00fcle pingutada v\u00f5i tulla tagasi teenuspakkuja juurde ning kontrollida rehvir\u00f5hku *Hinnakiri kehtib alates 01.10.2023<\/p>\n","protected":false},"author":1,"featured_media":0,"parent":0,"menu_order":0,"comment_status":"closed","ping_status":"closed","template":"","meta":{"footnotes":""},"class_list":["post-59","page","type-page","status-publish","hentry"],"_links":{"self":[{"href":"https:\/\/www.kiiliautopesula.ee\/index.php?rest_route=\/wp\/v2\/pages\/59","targetHints":{"allow":["GET"]}}],"collection":[{"href":"https:\/\/www.kiiliautopesula.ee\/index.php?rest_route=\/wp\/v2\/pages"}],"about":[{"href":"https:\/\/www.kiiliautopesula.ee\/index.php?rest_route=\/wp\/v2\/types\/page"}],"author":[{"embeddable":true,"href":"https:\/\/www.kiiliautopesula.ee\/index.php?rest_route=\/wp\/v2\/users\/1"}],"replies":[{"embeddable":true,"href":"https:\/\/www.kiiliautopesula.ee\/index.php?rest_route=%2Fwp%2Fv2%2Fcomments&post=59"}],"version-history":[{"count":5,"href":"https:\/\/www.kiiliautopesula.ee\/index.php?rest_route=\/wp\/v2\/pages\/59\/revisions"}],"predecessor-version":[{"id":198,"href":"https:\/\/www.kiiliautopesula.ee\/index.php?rest_route=\/wp\/v2\/pages\/59\/revisions\/198"}],"wp:attachment":[{"href":"https:\/\/www.kiiliautopesula.ee\/index.php?rest_route=%2Fwp%2Fv2%2Fmedia&parent=59"}],"curies":[{"name":"wp","href":"https:\/\/api.w.org\/{rel}","templated":true}]}}