{"id":8,"date":"2017-04-15T20:42:40","date_gmt":"2017-04-15T20:42:40","guid":{"rendered":"http:\/\/kiiliautopesula.ee\/uus\/?page_id=8"},"modified":"2023-09-27T19:19:32","modified_gmt":"2023-09-27T17:19:32","slug":"about","status":"publish","type":"page","link":"https:\/\/www.kiiliautopesula.ee\/?page_id=8","title":{"rendered":"Pesu &#038; Puhastus"},"content":{"rendered":"<h6>Kiirpesud<\/h6>\n<p><strong><em>Kiir leotuspesu<\/em><\/strong> \u2013 sisaldab: leotuspesu, survepesu, \u0161ampoonipesu, velje survepesu <strong>20.-<\/strong><\/p>\n<p><em><strong>Kiir pigipesu<\/strong><\/em> \u2013 sisaldab: pigipesu, leotuspesu, survepesu, \u0161ampoonipesu, velje survepesu <strong>25.-<\/strong><br \/>\n<span style=\"font-size: small;\">Kiirpesud ei sisalda auto ega uksevahede kuivatamist.<br \/>\nMaksimum aeg auto pesuks on u. 20min.<\/span><\/p>\n<h6>Tavapesud<\/h6>\n<p><em><strong>Leotuspesu<\/strong><\/em> &#8211; sisaldab: leotuspesu, survepesu, \u0161ampoonipesu, velje k\u00e4sipesu harjaga, rattakoobaste pesu, uksevahede pesu, auto ja uksevahede kuivatamist, kummimattide pesu, salongip\u00f5randa puhastust tolmuimejaga.<br \/>\nKliendi soovil: salongi l\u00f5hnastamist <strong>32.-<\/strong><\/p>\n<p><em><strong>Pigipesu<\/strong> <\/em>&#8211; sisaldab: pigipesu, leotuspesu, survepesu, \u0161ampoonipesu, velje k\u00e4sipesu harjaga, rattakoobaste pesu, uksevahede pesu, auto ja uksevahede kuivatamist, kummimattide pesu, salongip\u00f5randa puhastust tolmuimejaga.<br \/>\nKliendi soovil: salongi l\u00f5hnastamist <strong>40.-<\/strong><\/p>\n<p><em><strong>Mootoripesu<\/strong> <\/em>\u2013 sisaldab: kapoti aluse, kapoti \u00e4\u00e4rte ja mootori pigipesu, leotuspesu ja survepesu, kohtades, kuhu on v\u00f5imalik ligi saada, olenevalt mootori ise \u00e4rasustest. Teostatakse ainult \u00fclevalt poolt.<\/p>\n<p>NB ! ! teostatakse kliendi vastutusel. <strong>30.-<\/strong><\/p>\n<p><b><i>Autovaha <\/i><\/b>&#8211; sisaldab: s\u00fcvapigipesu, leotuspesu, survepesu, \u0161ampoonipesu, velje k\u00e4sipesu harjaga, rattakoobaste pesu, uksevahede pesu, auto ja uksevahede kuivatamist, vahatamiseelset savit\u00f6\u00f6tlust, auto p\u00fcsivaha, kummimattide pesu, salongip\u00f5randa puhastust tolmuimejaga.<\/p>\n<p><span style=\"font-size: small;\"><br \/>\n*Maasturitele ja mahtuniversaalidele lisandub hinnale +10%<br \/>\n*Kaubikutele ja v\u00e4ikebussidele lisandub hinnale +20%<br \/>\n*Hind oleneb s\u00f5iduki suurusest ja mustuse astmest.<\/span><\/p>\n<h6>Sisepuhastused<\/h6>\n<p><em><strong>Salongi puhastust<\/strong><\/em> &#8211; sisaldab kogu auto salongi puhastamist prahist-tolmust, s.h. pagasiruumi tolmuimejaga, klaas- ja vin\u00fc\u00fclpindade puhastamine spetsiaalse vahendiga, vajadusel l\u00f5hnastamist kliendi soovil. <strong>35.-<\/strong><\/p>\n<p><em><strong>Salongi keemiline puhastus<\/strong><\/em> \u2013 sisaldab tekstiil pindade keemilist puhastust, k.a. nahkistmed, spetsiaalsete vahendite ja t\u00f6\u00f6riistadega ja teenust \u201esalongi puhastust\u201d.<br \/>\nEi sisalda lae puhastust ! <strong>160.-<\/strong><\/p>\n<p><em><strong>Nahahooldus<\/strong><\/em> &#8211; sisaldab naha puhastust puhastusainega ja kreemitamist spetsiaalse nahakreemiga <strong>70.-<\/strong><\/p>\n<p><em><strong>Lisat\u00f6\u00f6d<\/strong><\/em>:<br \/>\nKlaasivaha <strong>50.-<\/strong><br \/>\nKleebiste eemaldamine <strong>42.-\/h<\/strong><br \/>\nS\u00f5iduauto k\u00e4ru, ATV, mootorratta (ja muu taolise) pesu. alates <strong>20.-<\/strong><\/p>\n<p><span style=\"font-size: small;\">*V\u00e4ikebussidele lisandub hinnale (kuni 3 istmerida) +20%<br \/>\n*Hind oleneb s\u00f5iduki suurusest ja mustuse astmest.<\/span><\/p>\n<p><span style=\"font-size: x-small;\">Hinnakiri kehtib alates 01.10.2023<\/span><\/p>\n","protected":false},"excerpt":{"rendered":"<p>Kiirpesud Kiir leotuspesu \u2013 sisaldab: leotuspesu, survepesu, \u0161ampoonipesu, velje survepesu 20.- Kiir pigipesu \u2013 sisaldab: pigipesu, leotuspesu, survepesu, \u0161ampoonipesu, velje survepesu 25.- Kiirpesud ei sisalda auto ega uksevahede kuivatamist. Maksimum aeg auto pesuks on u. 20min. Tavapesud Leotuspesu &#8211; sisaldab: leotuspesu, survepesu, \u0161ampoonipesu, velje k\u00e4sipesu harjaga, rattakoobaste pesu, uksevahede pesu, auto ja uksevahede kuivatamist, kummimattide &hellip; <a href=\"https:\/\/www.kiiliautopesula.ee\/?page_id=8\" class=\"more-link\">Loe edasi<span class=\"screen-reader-text\"> &#8220;Pesu &#038; Puhastus&#8221;<\/span><\/a><\/p>\n","protected":false},"author":1,"featured_media":0,"parent":0,"menu_order":0,"comment_status":"closed","ping_status":"closed","template":"","meta":{"footnotes":""},"class_list":["post-8","page","type-page","status-publish","hentry"],"_links":{"self":[{"href":"https:\/\/www.kiiliautopesula.ee\/index.php?rest_route=\/wp\/v2\/pages\/8","targetHints":{"allow":["GET"]}}],"collection":[{"href":"https:\/\/www.kiiliautopesula.ee\/index.php?rest_route=\/wp\/v2\/pages"}],"about":[{"href":"https:\/\/www.kiiliautopesula.ee\/index.php?rest_route=\/wp\/v2\/types\/page"}],"author":[{"embeddable":true,"href":"https:\/\/www.kiiliautopesula.ee\/index.php?rest_route=\/wp\/v2\/users\/1"}],"replies":[{"embeddable":true,"href":"https:\/\/www.kiiliautopesula.ee\/index.php?rest_route=%2Fwp%2Fv2%2Fcomments&post=8"}],"version-history":[{"count":5,"href":"https:\/\/www.kiiliautopesula.ee\/index.php?rest_route=\/wp\/v2\/pages\/8\/revisions"}],"predecessor-version":[{"id":191,"href":"https:\/\/www.kiiliautopesula.ee\/index.php?rest_route=\/wp\/v2\/pages\/8\/revisions\/191"}],"wp:attachment":[{"href":"https:\/\/www.kiiliautopesula.ee\/index.php?rest_route=%2Fwp%2Fv2%2Fmedia&parent=8"}],"curies":[{"name":"wp","href":"https:\/\/api.w.org\/{rel}","templated":true}]}}